{"id":12710,"date":"2023-07-14T20:33:57","date_gmt":"2023-07-14T18:33:57","guid":{"rendered":"https:\/\/sotacel.com\/cambrils\/?page_id=12710"},"modified":"2023-07-14T20:35:13","modified_gmt":"2023-07-14T18:35:13","slug":"entrantes","status":"publish","type":"page","link":"https:\/\/sotacel.com\/cambrils\/entrantes\/","title":{"rendered":"ENTRANTES"},"content":{"rendered":"\t\t<div data-elementor-type=\"wp-page\" data-elementor-id=\"12710\" class=\"elementor elementor-12710\">\n\t\t\t\t\t\t<section class=\"elementor-section elementor-top-section elementor-element elementor-element-4bb1408 elementor-section-boxed elementor-section-height-default elementor-section-height-default\" data-id=\"4bb1408\" data-element_type=\"section\">\n\t\t\t\t\t\t<div class=\"elementor-container elementor-column-gap-default\">\n\t\t\t\t\t<div class=\"elementor-column elementor-col-100 elementor-top-column elementor-element elementor-element-9897c0d\" data-id=\"9897c0d\" data-element_type=\"column\">\n\t\t\t<div class=\"elementor-widget-wrap elementor-element-populated\">\n\t\t\t\t\t\t<div class=\"elementor-element elementor-element-99d8db7 elementor-widget elementor-widget-shortcode\" data-id=\"99d8db7\" data-element_type=\"widget\" data-widget_type=\"shortcode.default\">\n\t\t\t\t<div class=\"elementor-widget-container\">\n\t\t\t\t\t\t\t<div class=\"elementor-shortcode\">\n<div class=\"brm-menu colorful\">\n\n<div class=\"brm-menu-section orange\">\t\t<div class=\"brm-heading brm-group-12\" style=\"display: block;\">\n\t\t\t\t\t\t\t<h2>ENTRANTES<\/h2>\n\t\t\t\t\t\t\t\t<\/div>\n\t\t<div class=\"brm-items\">\n\t\t\t<div class=\"brm-item brm-item-146\">\n\t\t\t\t\t\t<div class=\"brm-item-image\">\n\t\t\t\t<a href=\"https:\/\/sotacel.com\/cambrils\/wp-content\/uploads\/2024\/03\/AD3D3DFA-F5D6-4396-AD07-161CBE252511-576x1024.jpeg\" data-lightbox=\"item-image-146\" data-title=\"\" data-alt=\"\">\n\t\t\t\t\t<img decoding=\"async\" src=\"https:\/\/sotacel.com\/cambrils\/wp-content\/uploads\/2024\/03\/AD3D3DFA-F5D6-4396-AD07-161CBE252511-150x150.jpeg\" alt=\"\"\/>\n\t\t\t\t<\/a>\n\t\t\t<\/div>\n\t\t\t\t\t\t<div class=\"brm-item-details\">\n\t\t\t\t<div class=\"brm-item-name\">Ensalada de brotes tiernos y naranja con migas de bacalo y anchoas del cant\u00e1brico con escabeche de la casa<\/div>\n\t\t\t\t<div class=\"brm-item-price\">&euro;16.25<\/div>\n\t\t\t\t<div class=\"brm-item-description\"><\/div>\n\t\t\t<\/div>\n\t\t<\/div>\n\t\t\t\t<div class=\"brm-item brm-item-147\">\n\t\t\t\t\t\t<div class=\"brm-item-details\">\n\t\t\t\t<div class=\"brm-item-name\">Ensalada mixta o verde<\/div>\n\t\t\t\t<div class=\"brm-item-price\">&euro;11.50<\/div>\n\t\t\t\t<div class=\"brm-item-description\"><\/div>\n\t\t\t<\/div>\n\t\t<\/div>\n\t\t\t\t<div class=\"brm-item brm-item-148\">\n\t\t\t\t\t\t<div class=\"brm-item-details\">\n\t\t\t\t<div class=\"brm-item-name\">Tartar de tomate con ventresca<\/div>\n\t\t\t\t<div class=\"brm-item-price\">&euro;14.50<\/div>\n\t\t\t\t<div class=\"brm-item-description\"><\/div>\n\t\t\t<\/div>\n\t\t<\/div>\n\t\t\t\t<div class=\"brm-item brm-item-109\">\n\t\t\t\t\t\t<div class=\"brm-item-details\">\n\t\t\t\t<div class=\"brm-item-name\">Ensalada con queso de cabra, frutos secos y frutas del bosque<\/div>\n\t\t\t\t<div class=\"brm-item-price\">&euro;14.25<\/div>\n\t\t\t\t<div class=\"brm-item-description\"><\/div>\n\t\t\t<\/div>\n\t\t<\/div>\n\t\t\t\t<div class=\"brm-item brm-item-110\">\n\t\t\t\t\t\t<div class=\"brm-item-image\">\n\t\t\t\t<a href=\"https:\/\/sotacel.com\/cambrils\/wp-content\/uploads\/2024\/03\/5A524AAE-0B09-41D2-B748-B0A96AFFAAE1-1024x872.jpeg\" data-lightbox=\"item-image-110\" data-title=\"\" data-alt=\"\">\n\t\t\t\t\t<img decoding=\"async\" src=\"https:\/\/sotacel.com\/cambrils\/wp-content\/uploads\/2024\/03\/5A524AAE-0B09-41D2-B748-B0A96AFFAAE1-150x150.jpeg\" alt=\"\"\/>\n\t\t\t\t<\/a>\n\t\t\t<\/div>\n\t\t\t\t\t\t<div class=\"brm-item-details\">\n\t\t\t\t<div class=\"brm-item-name\">Carpaccio de tomate con burrata y pi\u00f1a al aceite de pesto<\/div>\n\t\t\t\t<div class=\"brm-item-price\">&euro;16.65<\/div>\n\t\t\t\t<div class=\"brm-item-description\"><\/div>\n\t\t\t<\/div>\n\t\t<\/div>\n\t\t\t\t<div class=\"brm-item brm-item-111\">\n\t\t\t\t\t\t<div class=\"brm-item-details\">\n\t\t\t\t<div class=\"brm-item-name\">Carpaccio de ternera con escamas de parmesano<\/div>\n\t\t\t\t<div class=\"brm-item-price\">&euro;13.75<\/div>\n\t\t\t\t<div class=\"brm-item-description\"><\/div>\n\t\t\t<\/div>\n\t\t<\/div>\n\t\t\t\t<div class=\"brm-item brm-item-112\">\n\t\t\t\t\t\t<div class=\"brm-item-details\">\n\t\t\t\t<div class=\"brm-item-name\">Carpaccio de gamba roja<\/div>\n\t\t\t\t<div class=\"brm-item-price\">&euro;21.00<\/div>\n\t\t\t\t<div class=\"brm-item-description\"><\/div>\n\t\t\t<\/div>\n\t\t<\/div>\n\t\t\t\t<div class=\"brm-item brm-item-106\">\n\t\t\t\t\t\t<div class=\"brm-item-image\">\n\t\t\t\t<a href=\"https:\/\/sotacel.com\/cambrils\/wp-content\/uploads\/2024\/03\/AA9C0339-8618-4A9E-B54C-9C8FA26BAF97-1024x768.jpeg\" data-lightbox=\"item-image-106\" data-title=\"\" data-alt=\"\">\n\t\t\t\t\t<img decoding=\"async\" src=\"https:\/\/sotacel.com\/cambrils\/wp-content\/uploads\/2024\/03\/AA9C0339-8618-4A9E-B54C-9C8FA26BAF97-150x150.jpeg\" alt=\"\"\/>\n\t\t\t\t<\/a>\n\t\t\t<\/div>\n\t\t\t\t\t\t<div class=\"brm-item-details\">\n\t\t\t\t<div class=\"brm-item-name\">Timbal de salm\u00f3n ahumado relleno de guacamole<\/div>\n\t\t\t\t<div class=\"brm-item-price\">&euro;16.75<\/div>\n\t\t\t\t<div class=\"brm-item-description\"><\/div>\n\t\t\t<\/div>\n\t\t<\/div>\n\t\t\t\t<div class=\"brm-item brm-item-104\">\n\t\t\t\t\t\t<div class=\"brm-item-image\">\n\t\t\t\t<a href=\"https:\/\/sotacel.com\/cambrils\/wp-content\/uploads\/2024\/03\/FD166181-0642-4282-9995-F877761DA5AB.jpeg\" data-lightbox=\"item-image-104\" data-title=\"\" data-alt=\"\">\n\t\t\t\t\t<img decoding=\"async\" src=\"https:\/\/sotacel.com\/cambrils\/wp-content\/uploads\/2024\/03\/FD166181-0642-4282-9995-F877761DA5AB-150x150.jpeg\" alt=\"\"\/>\n\t\t\t\t<\/a>\n\t\t\t<\/div>\n\t\t\t\t\t\t<div class=\"brm-item-details\">\n\t\t\t\t<div class=\"brm-item-name\">Tartar bicolor de mel\u00f3n y pi\u00f1a con jam\u00f3n ib\u00e9rico y muselina de lima<\/div>\n\t\t\t\t<div class=\"brm-item-price\">&euro;15.75<\/div>\n\t\t\t\t<div class=\"brm-item-description\"><\/div>\n\t\t\t<\/div>\n\t\t<\/div>\n\t\t\t\t<div class=\"brm-item brm-item-113\">\n\t\t\t\t\t\t<div class=\"brm-item-image\">\n\t\t\t\t<a href=\"https:\/\/sotacel.com\/cambrils\/wp-content\/uploads\/2024\/03\/E0BB1D18-555C-4E26-A6B4-D310A4CB0F28.jpeg\" data-lightbox=\"item-image-113\" data-title=\"\" data-alt=\"\">\n\t\t\t\t\t<img decoding=\"async\" src=\"https:\/\/sotacel.com\/cambrils\/wp-content\/uploads\/2024\/03\/E0BB1D18-555C-4E26-A6B4-D310A4CB0F28-150x150.jpeg\" alt=\"\"\/>\n\t\t\t\t<\/a>\n\t\t\t<\/div>\n\t\t\t\t\t\t<div class=\"brm-item-details\">\n\t\t\t\t<div class=\"brm-item-name\">Tarta de at\u00fan rojo con manzana \u00e1cida<\/div>\n\t\t\t\t<div class=\"brm-item-price\">&euro;20.75<\/div>\n\t\t\t\t<div class=\"brm-item-description\"><\/div>\n\t\t\t<\/div>\n\t\t<\/div>\n\t\t\t\t<div class=\"brm-item brm-item-103\">\n\t\t\t\t\t\t<div class=\"brm-item-details\">\n\t\t\t\t<div class=\"brm-item-name\">Crema de marisco con rape y gambas<\/div>\n\t\t\t\t<div class=\"brm-item-price\">&euro;11.75<\/div>\n\t\t\t\t<div class=\"brm-item-description\"><\/div>\n\t\t\t<\/div>\n\t\t<\/div>\n\t\t\t\t<div class=\"brm-item brm-item-209\">\n\t\t\t\t\t\t<div class=\"brm-item-details\">\n\t\t\t\t<div class=\"brm-item-name\">CARPACCIO DE BACALAO AHUMADO CON FONDO DE PERA.<\/div>\n\t\t\t\t<div class=\"brm-item-price\">&euro;14.50<\/div>\n\t\t\t\t<div class=\"brm-item-description\"><\/div>\n\t\t\t<\/div>\n\t\t<\/div>\n\t\t\t\t<div class=\"brm-item brm-item-210\">\n\t\t\t\t\t\t<div class=\"brm-item-details\">\n\t\t\t\t<div class=\"brm-item-name\">CARPACCIO DE ENTRECOT CON EMULSI\u00d3N DE MOSTAZA Y PISTACHOS<\/div>\n\t\t\t\t<div class=\"brm-item-price\">&euro;14.75<\/div>\n\t\t\t\t<div class=\"brm-item-description\"><\/div>\n\t\t\t<\/div>\n\t\t<\/div>\n\t\t\t\t<div class=\"brm-item brm-item-213\">\n\t\t\t\t\t\t<div class=\"brm-item-details\">\n\t\t\t\t<div class=\"brm-item-name\">LASA\u00d1A VEGETAL<\/div>\n\t\t\t\t<div class=\"brm-item-price\">&euro;15.50<\/div>\n\t\t\t\t<div class=\"brm-item-description\"><\/div>\n\t\t\t<\/div>\n\t\t<\/div>\n\t\t\t\t<div class=\"brm-item brm-item-211\">\n\t\t\t\t\t\t<div class=\"brm-item-details\">\n\t\t\t\t<div class=\"brm-item-name\">BOWL DE ARROZ NEGRO SALVAJE CON \u201cNO POLLO CRUJIENTE\u201d Y VERDURAS SALTEADA.<\/div>\n\t\t\t\t<div class=\"brm-item-price\">&euro;13.75<\/div>\n\t\t\t\t<div class=\"brm-item-description\"><\/div>\n\t\t\t<\/div>\n\t\t<\/div>\n\t\t\t<\/div>\n\t<\/div>\n<\/div>\n<div class=\"pl-developer\"><span>Best Restaurant Menu Plugin by <\/span><a href=\"https:\/\/www.pricelisto.com\/plugins\">PriceListo<\/a><\/div><\/div>\n\t\t\t\t\t\t<\/div>\n\t\t\t\t<\/div>\n\t\t\t\t\t<\/div>\n\t\t<\/div>\n\t\t\t\t\t<\/div>\n\t\t<\/section>\n\t\t\t\t<\/div>\n\t\t","protected":false},"excerpt":{"rendered":"","protected":false},"author":1,"featured_media":0,"parent":0,"menu_order":0,"comment_status":"closed","ping_status":"closed","template":"","meta":{"footnotes":""},"class_list":["post-12710","page","type-page","status-publish","hentry"],"yoast_head":"<!-- This site is optimized with the Yoast SEO plugin v24.1 - https:\/\/yoast.com\/wordpress\/plugins\/seo\/ -->\n<title>ENTRANTES - Restaurant Sotacel<\/title>\n<meta name=\"robots\" content=\"index, follow, max-snippet:-1, max-image-preview:large, max-video-preview:-1\" \/>\n<link rel=\"canonical\" href=\"https:\/\/sotacel.com\/cambrils\/entrantes\/\" \/>\n<meta property=\"og:locale\" content=\"es_ES\" \/>\n<meta property=\"og:type\" content=\"article\" \/>\n<meta property=\"og:title\" content=\"ENTRANTES - Restaurant Sotacel\" \/>\n<meta property=\"og:url\" content=\"https:\/\/sotacel.com\/cambrils\/entrantes\/\" \/>\n<meta property=\"og:site_name\" content=\"Restaurant Sotacel\" \/>\n<meta property=\"article:modified_time\" content=\"2023-07-14T18:35:13+00:00\" \/>\n<meta name=\"twitter:card\" content=\"summary_large_image\" \/>\n<script type=\"application\/ld+json\" class=\"yoast-schema-graph\">{\"@context\":\"https:\/\/schema.org\",\"@graph\":[{\"@type\":\"WebPage\",\"@id\":\"https:\/\/sotacel.com\/cambrils\/entrantes\/\",\"url\":\"https:\/\/sotacel.com\/cambrils\/entrantes\/\",\"name\":\"ENTRANTES - Restaurant Sotacel\",\"isPartOf\":{\"@id\":\"https:\/\/sotacel.com\/cambrils\/#website\"},\"datePublished\":\"2023-07-14T18:33:57+00:00\",\"dateModified\":\"2023-07-14T18:35:13+00:00\",\"breadcrumb\":{\"@id\":\"https:\/\/sotacel.com\/cambrils\/entrantes\/#breadcrumb\"},\"inLanguage\":\"es\",\"potentialAction\":[{\"@type\":\"ReadAction\",\"target\":[\"https:\/\/sotacel.com\/cambrils\/entrantes\/\"]}]},{\"@type\":\"BreadcrumbList\",\"@id\":\"https:\/\/sotacel.com\/cambrils\/entrantes\/#breadcrumb\",\"itemListElement\":[{\"@type\":\"ListItem\",\"position\":1,\"name\":\"Portada\",\"item\":\"https:\/\/sotacel.com\/cambrils\/\"},{\"@type\":\"ListItem\",\"position\":2,\"name\":\"ENTRANTES\"}]},{\"@type\":\"WebSite\",\"@id\":\"https:\/\/sotacel.com\/cambrils\/#website\",\"url\":\"https:\/\/sotacel.com\/cambrils\/\",\"name\":\"Restaurant Sotacel\",\"description\":\"\",\"potentialAction\":[{\"@type\":\"SearchAction\",\"target\":{\"@type\":\"EntryPoint\",\"urlTemplate\":\"https:\/\/sotacel.com\/cambrils\/?s={search_term_string}\"},\"query-input\":{\"@type\":\"PropertyValueSpecification\",\"valueRequired\":true,\"valueName\":\"search_term_string\"}}],\"inLanguage\":\"es\"}]}<\/script>\n<!-- \/ Yoast SEO plugin. -->","yoast_head_json":{"title":"ENTRANTES - Restaurant Sotacel","robots":{"index":"index","follow":"follow","max-snippet":"max-snippet:-1","max-image-preview":"max-image-preview:large","max-video-preview":"max-video-preview:-1"},"canonical":"https:\/\/sotacel.com\/cambrils\/entrantes\/","og_locale":"es_ES","og_type":"article","og_title":"ENTRANTES - Restaurant Sotacel","og_url":"https:\/\/sotacel.com\/cambrils\/entrantes\/","og_site_name":"Restaurant Sotacel","article_modified_time":"2023-07-14T18:35:13+00:00","twitter_card":"summary_large_image","schema":{"@context":"https:\/\/schema.org","@graph":[{"@type":"WebPage","@id":"https:\/\/sotacel.com\/cambrils\/entrantes\/","url":"https:\/\/sotacel.com\/cambrils\/entrantes\/","name":"ENTRANTES - Restaurant Sotacel","isPartOf":{"@id":"https:\/\/sotacel.com\/cambrils\/#website"},"datePublished":"2023-07-14T18:33:57+00:00","dateModified":"2023-07-14T18:35:13+00:00","breadcrumb":{"@id":"https:\/\/sotacel.com\/cambrils\/entrantes\/#breadcrumb"},"inLanguage":"es","potentialAction":[{"@type":"ReadAction","target":["https:\/\/sotacel.com\/cambrils\/entrantes\/"]}]},{"@type":"BreadcrumbList","@id":"https:\/\/sotacel.com\/cambrils\/entrantes\/#breadcrumb","itemListElement":[{"@type":"ListItem","position":1,"name":"Portada","item":"https:\/\/sotacel.com\/cambrils\/"},{"@type":"ListItem","position":2,"name":"ENTRANTES"}]},{"@type":"WebSite","@id":"https:\/\/sotacel.com\/cambrils\/#website","url":"https:\/\/sotacel.com\/cambrils\/","name":"Restaurant Sotacel","description":"","potentialAction":[{"@type":"SearchAction","target":{"@type":"EntryPoint","urlTemplate":"https:\/\/sotacel.com\/cambrils\/?s={search_term_string}"},"query-input":{"@type":"PropertyValueSpecification","valueRequired":true,"valueName":"search_term_string"}}],"inLanguage":"es"}]}},"_links":{"self":[{"href":"https:\/\/sotacel.com\/cambrils\/wp-json\/wp\/v2\/pages\/12710","targetHints":{"allow":["GET"]}}],"collection":[{"href":"https:\/\/sotacel.com\/cambrils\/wp-json\/wp\/v2\/pages"}],"about":[{"href":"https:\/\/sotacel.com\/cambrils\/wp-json\/wp\/v2\/types\/page"}],"author":[{"embeddable":true,"href":"https:\/\/sotacel.com\/cambrils\/wp-json\/wp\/v2\/users\/1"}],"replies":[{"embeddable":true,"href":"https:\/\/sotacel.com\/cambrils\/wp-json\/wp\/v2\/comments?post=12710"}],"version-history":[{"count":4,"href":"https:\/\/sotacel.com\/cambrils\/wp-json\/wp\/v2\/pages\/12710\/revisions"}],"predecessor-version":[{"id":12719,"href":"https:\/\/sotacel.com\/cambrils\/wp-json\/wp\/v2\/pages\/12710\/revisions\/12719"}],"wp:attachment":[{"href":"https:\/\/sotacel.com\/cambrils\/wp-json\/wp\/v2\/media?parent=12710"}],"curies":[{"name":"wp","href":"https:\/\/api.w.org\/{rel}","templated":true}]}}