{"id":12897,"date":"2023-08-22T21:05:40","date_gmt":"2023-08-22T19:05:40","guid":{"rendered":"https:\/\/sotacel.com\/cambrils\/?page_id=12897"},"modified":"2023-10-13T14:35:53","modified_gmt":"2023-10-13T12:35:53","slug":"cavas","status":"publish","type":"page","link":"https:\/\/sotacel.com\/cambrils\/cavas\/","title":{"rendered":"CAVAS"},"content":{"rendered":"\t\t<div data-elementor-type=\"wp-page\" data-elementor-id=\"12897\" class=\"elementor elementor-12897\">\n\t\t\t\t\t\t<section class=\"elementor-section elementor-top-section elementor-element elementor-element-4bb1408 elementor-section-boxed elementor-section-height-default elementor-section-height-default\" data-id=\"4bb1408\" data-element_type=\"section\">\n\t\t\t\t\t\t<div class=\"elementor-container elementor-column-gap-default\">\n\t\t\t\t\t<div class=\"elementor-column elementor-col-100 elementor-top-column elementor-element elementor-element-9897c0d\" data-id=\"9897c0d\" data-element_type=\"column\">\n\t\t\t<div class=\"elementor-widget-wrap elementor-element-populated\">\n\t\t\t\t\t\t<div class=\"elementor-element elementor-element-99d8db7 elementor-widget elementor-widget-shortcode\" data-id=\"99d8db7\" data-element_type=\"widget\" data-widget_type=\"shortcode.default\">\n\t\t\t\t<div class=\"elementor-widget-container\">\n\t\t\t\t\t\t\t<div class=\"elementor-shortcode\">\n<div class=\"brm-menu colorful\">\n\n<div class=\"brm-menu-section orange\">\t\t<div class=\"brm-heading brm-group-19\" style=\"display: block;\">\n\t\t\t\t\t\t\t<h2>CAVAS<\/h2>\n\t\t\t\t\t\t\t\t<\/div>\n\t\t<div class=\"brm-items\">\n\t\t\t<div class=\"brm-item brm-item-180\">\n\t\t\t\t\t\t<div class=\"brm-item-details\">\n\t\t\t\t<div class=\"brm-item-name\">VIDAL I FERRER BRUT NATURE RESERVA<\/div>\n\t\t\t\t<div class=\"brm-item-price\">&euro;19.25<\/div>\n\t\t\t\t<div class=\"brm-item-description\">D.O. CAVA<\/div>\n\t\t\t<\/div>\n\t\t<\/div>\n\t\t\t\t<div class=\"brm-item brm-item-181\">\n\t\t\t\t\t\t<div class=\"brm-item-details\">\n\t\t\t\t<div class=\"brm-item-name\">AA MIRGIN LAIET\u00c0 GRAN RESERVA BRUT NATURE (D.O. CAVA)<\/div>\n\t\t\t\t<div class=\"brm-item-price\">&euro;29.50<\/div>\n\t\t\t\t<div class=\"brm-item-description\">XAREL-LO, MACABEO, CHARDONNAY Y PINOT NOIR<br \/>\nCRIANZA MINIMA EN BOTELLA 30 MESES<\/div>\n\t\t\t<\/div>\n\t\t<\/div>\n\t\t\t\t<div class=\"brm-item brm-item-183\">\n\t\t\t\t\t\t<div class=\"brm-item-details\">\n\t\t\t\t<div class=\"brm-item-name\">RECADERO SERRAL DEL VELL BRUT NATURE (D.O. CORPINNAT)<\/div>\n\t\t\t\t<div class=\"brm-item-price\">&euro;45.75<\/div>\n\t\t\t\t<div class=\"brm-item-description\">MACABEO, XAREL-LO<\/div>\n\t\t\t<\/div>\n\t\t<\/div>\n\t\t\t\t<div class=\"brm-item brm-item-185\">\n\t\t\t\t\t\t<div class=\"brm-item-details\">\n\t\t\t\t<div class=\"brm-item-name\">RECAREDO INTENS (ROSADO) (D.O. CAVA)<\/div>\n\t\t\t\t<div class=\"brm-item-price\">&euro;39.75<\/div>\n\t\t\t\t<div class=\"brm-item-description\">PINOT NOIR, GARNACHA TINTA, MONASTREL<\/div>\n\t\t\t<\/div>\n\t\t<\/div>\n\t\t\t\t<div class=\"brm-item brm-item-186\">\n\t\t\t\t\t\t<div class=\"brm-item-details\">\n\t\t\t\t<div class=\"brm-item-name\">VILARNAU RESERVA BRUT NATURE (D.O. CAVA)<\/div>\n\t\t\t\t<div class=\"brm-item-price\">&euro;39.75<\/div>\n\t\t\t\t<div class=\"brm-item-description\">50% MACABEO, 35% PARELLADA, 15% XAREL-LO<\/div>\n\t\t\t<\/div>\n\t\t<\/div>\n\t\t\t\t<div class=\"brm-item brm-item-188\">\n\t\t\t\t\t\t<div class=\"brm-item-details\">\n\t\t\t\t<div class=\"brm-item-name\">VILARNAU GRAN RESERVA BRUT NATURE (D.O. CAVA)<\/div>\n\t\t\t\t<div class=\"brm-item-price\">&euro;28.25<\/div>\n\t\t\t\t<div class=\"brm-item-description\">CHARDONNAY, PINOT NOIR, MACABEO, PARELLADA<\/div>\n\t\t\t<\/div>\n\t\t<\/div>\n\t\t\t\t<div class=\"brm-item brm-item-191\">\n\t\t\t\t\t\t<div class=\"brm-item-details\">\n\t\t\t\t<div class=\"brm-item-name\">ROVELLAT BRUT NATURE MAGNUM (D.O. CAVA)<\/div>\n\t\t\t\t<div class=\"brm-item-price\">&euro;37.25<\/div>\n\t\t\t\t<div class=\"brm-item-description\">MACABEO, PARELLADA, XAREL-LO<\/div>\n\t\t\t<\/div>\n\t\t<\/div>\n\t\t\t\t<div class=\"brm-item brm-item-197\">\n\t\t\t\t\t\t<div class=\"brm-item-details\">\n\t\t\t\t<div class=\"brm-item-name\">MO\u00cbT&amp;CHANDON (D.O:CHAMPAGNE)<\/div>\n\t\t\t\t<div class=\"brm-item-price\">&euro;65.00<\/div>\n\t\t\t\t<div class=\"brm-item-description\"><\/div>\n\t\t\t<\/div>\n\t\t<\/div>\n\t\t\t\t<div class=\"brm-item brm-item-199\">\n\t\t\t\t\t\t<div class=\"brm-item-details\">\n\t\t\t\t<div class=\"brm-item-name\">RUINART BLANC DE BLANCS (D.O. CHAMPAGNE)<\/div>\n\t\t\t\t<div class=\"brm-item-price\">&euro;115.50<\/div>\n\t\t\t\t<div class=\"brm-item-description\"><\/div>\n\t\t\t<\/div>\n\t\t<\/div>\n\t\t\t\t<div class=\"brm-item brm-item-201\">\n\t\t\t\t\t\t<div class=\"brm-item-details\">\n\t\t\t\t<div class=\"brm-item-name\">BOLLINGER SP CUV\u00c9E RESERVA (D.O:CHAMPAGNE)<\/div>\n\t\t\t\t<div class=\"brm-item-price\">&euro;65.25<\/div>\n\t\t\t\t<div class=\"brm-item-description\"><\/div>\n\t\t\t<\/div>\n\t\t<\/div>\n\t\t\t\t<div class=\"brm-item brm-item-202\">\n\t\t\t\t\t\t<div class=\"brm-item-details\">\n\t\t\t\t<div class=\"brm-item-name\">ANDRE CLOUET BRUT GRAN RESERVA (D.O:CHAMPAGNE9<\/div>\n\t\t\t\t<div class=\"brm-item-price\">&euro;45.25<\/div>\n\t\t\t\t<div class=\"brm-item-description\"><\/div>\n\t\t\t<\/div>\n\t\t<\/div>\n\t\t\t<\/div>\n\t<\/div>\n<\/div>\n<div class=\"pl-developer\"><span>Best Restaurant Menu Plugin by <\/span><a href=\"https:\/\/www.pricelisto.com\/plugins\">PriceListo<\/a><\/div><\/div>\n\t\t\t\t\t\t<\/div>\n\t\t\t\t<\/div>\n\t\t\t\t\t<\/div>\n\t\t<\/div>\n\t\t\t\t\t<\/div>\n\t\t<\/section>\n\t\t\t\t<\/div>\n\t\t","protected":false},"excerpt":{"rendered":"<p>Per ottenere il sesso, basta dire al riguardo. Non \u00e8 pi\u00f9 necessario inventare tutti i tipi di trucchi quando non sei pi\u00f9 contro il sesso, ma le regole di Cialis Generico nella testa stanno parlando di \u00abcinque date prima del sesso\u00bb. Puoi semplicemente inviarlo un sms caldo: \u00abTorna presto! Il pi\u00f9 veloce arriverai, pi\u00f9 caldo [&hellip;]<\/p>\n","protected":false},"author":1,"featured_media":0,"parent":0,"menu_order":0,"comment_status":"closed","ping_status":"closed","template":"","meta":{"footnotes":""},"class_list":["post-12897","page","type-page","status-publish","hentry"],"yoast_head":"<!-- This site is optimized with the Yoast SEO plugin v24.1 - https:\/\/yoast.com\/wordpress\/plugins\/seo\/ -->\n<title>CAVAS - Restaurant Sotacel<\/title>\n<meta name=\"robots\" content=\"index, follow, max-snippet:-1, max-image-preview:large, max-video-preview:-1\" \/>\n<link rel=\"canonical\" href=\"https:\/\/sotacel.com\/cambrils\/cavas\/\" \/>\n<meta property=\"og:locale\" content=\"es_ES\" \/>\n<meta property=\"og:type\" content=\"article\" \/>\n<meta property=\"og:title\" content=\"CAVAS - Restaurant Sotacel\" \/>\n<meta property=\"og:description\" content=\"Per ottenere il sesso, basta dire al riguardo. Non \u00e8 pi\u00f9 necessario inventare tutti i tipi di trucchi quando non sei pi\u00f9 contro il sesso, ma le regole di Cialis Generico nella testa stanno parlando di \u00abcinque date prima del sesso\u00bb. Puoi semplicemente inviarlo un sms caldo: \u00abTorna presto! Il pi\u00f9 veloce arriverai, pi\u00f9 caldo [&hellip;]\" \/>\n<meta property=\"og:url\" content=\"https:\/\/sotacel.com\/cambrils\/cavas\/\" \/>\n<meta property=\"og:site_name\" content=\"Restaurant Sotacel\" \/>\n<meta property=\"article:modified_time\" content=\"2023-10-13T12:35:53+00:00\" \/>\n<meta name=\"twitter:card\" content=\"summary_large_image\" \/>\n<script type=\"application\/ld+json\" class=\"yoast-schema-graph\">{\"@context\":\"https:\/\/schema.org\",\"@graph\":[{\"@type\":\"WebPage\",\"@id\":\"https:\/\/sotacel.com\/cambrils\/cavas\/\",\"url\":\"https:\/\/sotacel.com\/cambrils\/cavas\/\",\"name\":\"CAVAS - Restaurant Sotacel\",\"isPartOf\":{\"@id\":\"https:\/\/sotacel.com\/cambrils\/#website\"},\"datePublished\":\"2023-08-22T19:05:40+00:00\",\"dateModified\":\"2023-10-13T12:35:53+00:00\",\"breadcrumb\":{\"@id\":\"https:\/\/sotacel.com\/cambrils\/cavas\/#breadcrumb\"},\"inLanguage\":\"es\",\"potentialAction\":[{\"@type\":\"ReadAction\",\"target\":[\"https:\/\/sotacel.com\/cambrils\/cavas\/\"]}]},{\"@type\":\"BreadcrumbList\",\"@id\":\"https:\/\/sotacel.com\/cambrils\/cavas\/#breadcrumb\",\"itemListElement\":[{\"@type\":\"ListItem\",\"position\":1,\"name\":\"Portada\",\"item\":\"https:\/\/sotacel.com\/cambrils\/\"},{\"@type\":\"ListItem\",\"position\":2,\"name\":\"CAVAS\"}]},{\"@type\":\"WebSite\",\"@id\":\"https:\/\/sotacel.com\/cambrils\/#website\",\"url\":\"https:\/\/sotacel.com\/cambrils\/\",\"name\":\"Restaurant Sotacel\",\"description\":\"\",\"potentialAction\":[{\"@type\":\"SearchAction\",\"target\":{\"@type\":\"EntryPoint\",\"urlTemplate\":\"https:\/\/sotacel.com\/cambrils\/?s={search_term_string}\"},\"query-input\":{\"@type\":\"PropertyValueSpecification\",\"valueRequired\":true,\"valueName\":\"search_term_string\"}}],\"inLanguage\":\"es\"}]}<\/script>\n<!-- \/ Yoast SEO plugin. -->","yoast_head_json":{"title":"CAVAS - Restaurant Sotacel","robots":{"index":"index","follow":"follow","max-snippet":"max-snippet:-1","max-image-preview":"max-image-preview:large","max-video-preview":"max-video-preview:-1"},"canonical":"https:\/\/sotacel.com\/cambrils\/cavas\/","og_locale":"es_ES","og_type":"article","og_title":"CAVAS - Restaurant Sotacel","og_description":"Per ottenere il sesso, basta dire al riguardo. Non \u00e8 pi\u00f9 necessario inventare tutti i tipi di trucchi quando non sei pi\u00f9 contro il sesso, ma le regole di Cialis Generico nella testa stanno parlando di \u00abcinque date prima del sesso\u00bb. Puoi semplicemente inviarlo un sms caldo: \u00abTorna presto! Il pi\u00f9 veloce arriverai, pi\u00f9 caldo [&hellip;]","og_url":"https:\/\/sotacel.com\/cambrils\/cavas\/","og_site_name":"Restaurant Sotacel","article_modified_time":"2023-10-13T12:35:53+00:00","twitter_card":"summary_large_image","schema":{"@context":"https:\/\/schema.org","@graph":[{"@type":"WebPage","@id":"https:\/\/sotacel.com\/cambrils\/cavas\/","url":"https:\/\/sotacel.com\/cambrils\/cavas\/","name":"CAVAS - Restaurant Sotacel","isPartOf":{"@id":"https:\/\/sotacel.com\/cambrils\/#website"},"datePublished":"2023-08-22T19:05:40+00:00","dateModified":"2023-10-13T12:35:53+00:00","breadcrumb":{"@id":"https:\/\/sotacel.com\/cambrils\/cavas\/#breadcrumb"},"inLanguage":"es","potentialAction":[{"@type":"ReadAction","target":["https:\/\/sotacel.com\/cambrils\/cavas\/"]}]},{"@type":"BreadcrumbList","@id":"https:\/\/sotacel.com\/cambrils\/cavas\/#breadcrumb","itemListElement":[{"@type":"ListItem","position":1,"name":"Portada","item":"https:\/\/sotacel.com\/cambrils\/"},{"@type":"ListItem","position":2,"name":"CAVAS"}]},{"@type":"WebSite","@id":"https:\/\/sotacel.com\/cambrils\/#website","url":"https:\/\/sotacel.com\/cambrils\/","name":"Restaurant Sotacel","description":"","potentialAction":[{"@type":"SearchAction","target":{"@type":"EntryPoint","urlTemplate":"https:\/\/sotacel.com\/cambrils\/?s={search_term_string}"},"query-input":{"@type":"PropertyValueSpecification","valueRequired":true,"valueName":"search_term_string"}}],"inLanguage":"es"}]}},"_links":{"self":[{"href":"https:\/\/sotacel.com\/cambrils\/wp-json\/wp\/v2\/pages\/12897","targetHints":{"allow":["GET"]}}],"collection":[{"href":"https:\/\/sotacel.com\/cambrils\/wp-json\/wp\/v2\/pages"}],"about":[{"href":"https:\/\/sotacel.com\/cambrils\/wp-json\/wp\/v2\/types\/page"}],"author":[{"embeddable":true,"href":"https:\/\/sotacel.com\/cambrils\/wp-json\/wp\/v2\/users\/1"}],"replies":[{"embeddable":true,"href":"https:\/\/sotacel.com\/cambrils\/wp-json\/wp\/v2\/comments?post=12897"}],"version-history":[{"count":6,"href":"https:\/\/sotacel.com\/cambrils\/wp-json\/wp\/v2\/pages\/12897\/revisions"}],"predecessor-version":[{"id":13381,"href":"https:\/\/sotacel.com\/cambrils\/wp-json\/wp\/v2\/pages\/12897\/revisions\/13381"}],"wp:attachment":[{"href":"https:\/\/sotacel.com\/cambrils\/wp-json\/wp\/v2\/media?parent=12897"}],"curies":[{"name":"wp","href":"https:\/\/api.w.org\/{rel}","templated":true}]}}